{"id":3711,"date":"2025-08-27T14:27:59","date_gmt":"2025-08-27T14:27:59","guid":{"rendered":"https:\/\/www.protegerfoundation.org\/?page_id=3711"},"modified":"2025-09-10T15:22:14","modified_gmt":"2025-09-10T15:22:14","slug":"mision-vision","status":"publish","type":"page","link":"https:\/\/www.protegerfoundation.org\/en\/mision-vision\/","title":{"rendered":"Mission And Vision"},"content":{"rendered":"<div data-elementor-type=\"wp-page\" data-elementor-id=\"3711\" class=\"elementor elementor-3711\" data-elementor-post-type=\"page\">\n\t\t\t\t<div class=\"elementor-element elementor-element-b180e6c e-flex e-con-boxed e-con e-parent\" data-id=\"b180e6c\" data-element_type=\"container\" data-e-type=\"container\">\n\t\t\t\t\t<div class=\"e-con-inner\">\n\t\t\t\t<div class=\"elementor-element elementor-element-d5651b2 elementor-widget elementor-widget-spacer\" data-id=\"d5651b2\" data-element_type=\"widget\" data-e-type=\"widget\" data-widget_type=\"spacer.default\">\n\t\t\t\t\t\t\t<div class=\"elementor-spacer\">\n\t\t\t<div class=\"elementor-spacer-inner\"><\/div>\n\t\t<\/div>\n\t\t\t\t\t\t<\/div>\n\t\t\t\t\t<\/div>\n\t\t\t\t<\/div>\n\t\t<div class=\"elementor-element elementor-element-96a7091 e-flex e-con-boxed e-con e-parent\" data-id=\"96a7091\" data-element_type=\"container\" data-e-type=\"container\">\n\t\t\t\t\t<div class=\"e-con-inner\">\n\t\t<div class=\"elementor-element elementor-element-17b762a e-con-full e-flex elementor-invisible e-con e-child\" data-id=\"17b762a\" data-element_type=\"container\" data-e-type=\"container\" data-settings=\"{&quot;animation&quot;:&quot;fadeInDown&quot;}\">\n\t\t\t\t<div class=\"elementor-element elementor-element-7d8ebbe elementor-widget elementor-widget-heading\" data-id=\"7d8ebbe\" data-element_type=\"widget\" data-e-type=\"widget\" data-widget_type=\"heading.default\">\n\t\t\t\t\t<h2 class=\"elementor-heading-title elementor-size-default\">Mission<\/h2>\t\t\t\t<\/div>\n\t\t\t\t<div class=\"elementor-element elementor-element-2a6d878 elementor-widget-divider--view-line elementor-widget elementor-widget-divider\" data-id=\"2a6d878\" data-element_type=\"widget\" data-e-type=\"widget\" data-widget_type=\"divider.default\">\n\t\t\t\t\t\t\t<div class=\"elementor-divider\">\n\t\t\t<span class=\"elementor-divider-separator\">\n\t\t\t\t\t\t<\/span>\n\t\t<\/div>\n\t\t\t\t\t\t<\/div>\n\t\t\t\t<div class=\"elementor-element elementor-element-88e8e27 elementor-widget elementor-widget-text-editor\" data-id=\"88e8e27\" data-element_type=\"widget\" data-e-type=\"widget\" data-widget_type=\"text-editor.default\">\n\t\t\t\t\t\t\t\t\t<p>To be a leading institution in the advisory and consulting of socio-humanitarian development projects, recognized nationally and internationally, with the firm purpose of improving the quality of life of beneficiaries within its area of influence by connecting them with international investment firms.<\/p>\t\t\t\t\t\t\t\t<\/div>\n\t\t\t\t<div class=\"elementor-element elementor-element-727de2e elementor-widget elementor-widget-image\" data-id=\"727de2e\" data-element_type=\"widget\" data-e-type=\"widget\" data-widget_type=\"image.default\">\n\t\t\t\t\t\t\t\t\t\t\t\t\t\t\t<img fetchpriority=\"high\" decoding=\"async\" width=\"300\" height=\"300\" src=\"https:\/\/www.protegerfoundation.org\/wp-content\/uploads\/2025\/08\/VISION-300x300.png\" class=\"elementor-animation-grow attachment-medium size-medium wp-image-3770\" alt=\"visi\u00d3n\" srcset=\"https:\/\/www.protegerfoundation.org\/wp-content\/uploads\/2025\/08\/VISION-300x300.png 300w, https:\/\/www.protegerfoundation.org\/wp-content\/uploads\/2025\/08\/VISION-1024x1024.png 1024w, https:\/\/www.protegerfoundation.org\/wp-content\/uploads\/2025\/08\/VISION-150x150.png 150w, https:\/\/www.protegerfoundation.org\/wp-content\/uploads\/2025\/08\/VISION-768x768.png 768w, https:\/\/www.protegerfoundation.org\/wp-content\/uploads\/2025\/08\/VISION-1536x1536.png 1536w, https:\/\/www.protegerfoundation.org\/wp-content\/uploads\/2025\/08\/VISION-2048x2048.png 2048w\" sizes=\"(max-width: 300px) 100vw, 300px\" title=\"Misi\u00f3n &amp; Visi\u00f3n\">\t\t\t\t\t\t\t\t\t\t\t\t\t\t\t<\/div>\n\t\t\t\t<\/div>\n\t\t<div class=\"elementor-element elementor-element-31192b6 e-con-full e-flex elementor-invisible e-con e-child\" data-id=\"31192b6\" data-element_type=\"container\" data-e-type=\"container\" data-settings=\"{&quot;animation&quot;:&quot;fadeInDown&quot;}\">\n\t\t\t\t<div class=\"elementor-element elementor-element-18368b1 elementor-widget elementor-widget-heading\" data-id=\"18368b1\" data-element_type=\"widget\" data-e-type=\"widget\" data-widget_type=\"heading.default\">\n\t\t\t\t\t<h2 class=\"elementor-heading-title elementor-size-default\">Vision<\/h2>\t\t\t\t<\/div>\n\t\t\t\t<div class=\"elementor-element elementor-element-d61ad1a elementor-widget-divider--view-line elementor-widget elementor-widget-divider\" data-id=\"d61ad1a\" data-element_type=\"widget\" data-e-type=\"widget\" data-widget_type=\"divider.default\">\n\t\t\t\t\t\t\t<div class=\"elementor-divider\">\n\t\t\t<span class=\"elementor-divider-separator\">\n\t\t\t\t\t\t<\/span>\n\t\t<\/div>\n\t\t\t\t\t\t<\/div>\n\t\t\t\t<div class=\"elementor-element elementor-element-2b422ff elementor-widget elementor-widget-text-editor\" data-id=\"2b422ff\" data-element_type=\"widget\" data-e-type=\"widget\" data-widget_type=\"text-editor.default\">\n\t\t\t\t\t\t\t\t\t<p>To lead activities as a sponsoring and managing institution for international projects that promote socio-economic development in Ecuador, through funding and implementation of projects aimed at improving the living standards of the population.<\/p>\t\t\t\t\t\t\t\t<\/div>\n\t\t\t\t<div class=\"elementor-element elementor-element-d2a4ba8 elementor-widget elementor-widget-image\" data-id=\"d2a4ba8\" data-element_type=\"widget\" data-e-type=\"widget\" data-widget_type=\"image.default\">\n\t\t\t\t\t\t\t\t\t\t\t\t\t\t\t<img decoding=\"async\" width=\"300\" height=\"300\" src=\"https:\/\/www.protegerfoundation.org\/wp-content\/uploads\/2025\/08\/MISION-300x300.png\" class=\"elementor-animation-grow attachment-medium size-medium wp-image-3769\" alt=\"misi\u00d3n\" srcset=\"https:\/\/www.protegerfoundation.org\/wp-content\/uploads\/2025\/08\/MISION-300x300.png 300w, https:\/\/www.protegerfoundation.org\/wp-content\/uploads\/2025\/08\/MISION-1024x1024.png 1024w, https:\/\/www.protegerfoundation.org\/wp-content\/uploads\/2025\/08\/MISION-150x150.png 150w, https:\/\/www.protegerfoundation.org\/wp-content\/uploads\/2025\/08\/MISION-768x768.png 768w, https:\/\/www.protegerfoundation.org\/wp-content\/uploads\/2025\/08\/MISION-1536x1536.png 1536w, https:\/\/www.protegerfoundation.org\/wp-content\/uploads\/2025\/08\/MISION-2048x2048.png 2048w\" sizes=\"(max-width: 300px) 100vw, 300px\" title=\"Misi\u00f3n &amp; Visi\u00f3n\">\t\t\t\t\t\t\t\t\t\t\t\t\t\t\t<\/div>\n\t\t\t\t<\/div>\n\t\t\t\t\t<\/div>\n\t\t\t\t<\/div>\n\t\t<div class=\"elementor-element elementor-element-7416544 e-flex e-con-boxed e-con e-parent\" data-id=\"7416544\" data-element_type=\"container\" data-e-type=\"container\">\n\t\t\t\t\t<div class=\"e-con-inner\">\n\t\t\t\t<div class=\"elementor-element elementor-element-f4f4a13 elementor-widget elementor-widget-spacer\" data-id=\"f4f4a13\" data-element_type=\"widget\" data-e-type=\"widget\" data-widget_type=\"spacer.default\">\n\t\t\t\t\t\t\t<div class=\"elementor-spacer\">\n\t\t\t<div class=\"elementor-spacer-inner\"><\/div>\n\t\t<\/div>\n\t\t\t\t\t\t<\/div>\n\t\t\t\t\t<\/div>\n\t\t\t\t<\/div>\n\t\t\t\t<\/div>","protected":false},"excerpt":{"rendered":"<p>Misi\u00f3n Ser una instituci\u00f3n l\u00edder en el asesoramiento y consultor\u00edas de proyectos de desarrollo socio humanitario posicionada a nivel nacional e internacional, con el firme prop\u00f3sito de mejorar la calidad de vida de los beneficiarios en la zona de influencia institucional, recomendando \u00e9stos a firmas inversionistas internacionales. Visi\u00f3n Liderar las actividades como instituci\u00f3n patrocinadora y [&hellip;]<\/p>\n","protected":false},"author":1,"featured_media":0,"parent":0,"menu_order":0,"comment_status":"closed","ping_status":"closed","template":"","meta":{"site-sidebar-layout":"no-sidebar","site-content-layout":"page-builder","ast-site-content-layout":"full-width-container","site-content-style":"unboxed","site-sidebar-style":"unboxed","ast-global-header-display":"","ast-banner-title-visibility":"","ast-main-header-display":"","ast-hfb-above-header-display":"","ast-hfb-below-header-display":"","ast-hfb-mobile-header-display":"","site-post-title":"disabled","ast-breadcrumbs-content":"","ast-featured-img":"disabled","footer-sml-layout":"","ast-disable-related-posts":"","theme-transparent-header-meta":"","adv-header-id-meta":"","stick-header-meta":"","header-above-stick-meta":"","header-main-stick-meta":"","header-below-stick-meta":"","astra-migrate-meta-layouts":"set","ast-page-background-enabled":"default","ast-page-background-meta":{"desktop":{"background-color":"","background-image":"","background-repeat":"repeat","background-position":"center center","background-size":"auto","background-attachment":"scroll","background-type":"","background-media":"","overlay-type":"","overlay-color":"","overlay-opacity":"","overlay-gradient":""},"tablet":{"background-color":"","background-image":"","background-repeat":"repeat","background-position":"center center","background-size":"auto","background-attachment":"scroll","background-type":"","background-media":"","overlay-type":"","overlay-color":"","overlay-opacity":"","overlay-gradient":""},"mobile":{"background-color":"","background-image":"","background-repeat":"repeat","background-position":"center center","background-size":"auto","background-attachment":"scroll","background-type":"","background-media":"","overlay-type":"","overlay-color":"","overlay-opacity":"","overlay-gradient":""}},"ast-content-background-meta":{"desktop":{"background-color":"var(--ast-global-color-5)","background-image":"","background-repeat":"repeat","background-position":"center center","background-size":"auto","background-attachment":"scroll","background-type":"","background-media":"","overlay-type":"","overlay-color":"","overlay-opacity":"","overlay-gradient":""},"tablet":{"background-color":"var(--ast-global-color-5)","background-image":"","background-repeat":"repeat","background-position":"center center","background-size":"auto","background-attachment":"scroll","background-type":"","background-media":"","overlay-type":"","overlay-color":"","overlay-opacity":"","overlay-gradient":""},"mobile":{"background-color":"var(--ast-global-color-5)","background-image":"","background-repeat":"repeat","background-position":"center center","background-size":"auto","background-attachment":"scroll","background-type":"","background-media":"","overlay-type":"","overlay-color":"","overlay-opacity":"","overlay-gradient":""}},"footnotes":""},"class_list":["post-3711","page","type-page","status-publish","hentry"],"_links":{"self":[{"href":"https:\/\/www.protegerfoundation.org\/en\/wp-json\/wp\/v2\/pages\/3711","targetHints":{"allow":["GET"]}}],"collection":[{"href":"https:\/\/www.protegerfoundation.org\/en\/wp-json\/wp\/v2\/pages"}],"about":[{"href":"https:\/\/www.protegerfoundation.org\/en\/wp-json\/wp\/v2\/types\/page"}],"author":[{"embeddable":true,"href":"https:\/\/www.protegerfoundation.org\/en\/wp-json\/wp\/v2\/users\/1"}],"replies":[{"embeddable":true,"href":"https:\/\/www.protegerfoundation.org\/en\/wp-json\/wp\/v2\/comments?post=3711"}],"version-history":[{"count":17,"href":"https:\/\/www.protegerfoundation.org\/en\/wp-json\/wp\/v2\/pages\/3711\/revisions"}],"predecessor-version":[{"id":4475,"href":"https:\/\/www.protegerfoundation.org\/en\/wp-json\/wp\/v2\/pages\/3711\/revisions\/4475"}],"wp:attachment":[{"href":"https:\/\/www.protegerfoundation.org\/en\/wp-json\/wp\/v2\/media?parent=3711"}],"curies":[{"name":"wp","href":"https:\/\/api.w.org\/{rel}","templated":true}]}}