{"id":2113,"date":"2025-08-26T15:22:27","date_gmt":"2025-08-26T15:22:27","guid":{"rendered":"https:\/\/www.protegerfoundation.org\/our-partners\/"},"modified":"2026-04-01T02:14:19","modified_gmt":"2026-04-01T02:14:19","slug":"proyectos","status":"publish","type":"page","link":"https:\/\/www.protegerfoundation.org\/en\/proyectos\/","title":{"rendered":"Projects"},"content":{"rendered":"\t\t<div data-elementor-type=\"wp-post\" data-elementor-id=\"2113\" class=\"elementor elementor-2113\" data-elementor-post-type=\"page\">\n\t\t\t\t<div class=\"elementor-element elementor-element-7a02ce0 e-flex e-con-boxed e-con e-parent\" data-id=\"7a02ce0\" data-element_type=\"container\" data-e-type=\"container\" data-settings=\"{&quot;background_background&quot;:&quot;classic&quot;}\">\n\t\t\t\t\t<div class=\"e-con-inner\">\n\t\t<div class=\"elementor-element elementor-element-77e0c18 e-con-full e-flex e-con e-child\" data-id=\"77e0c18\" data-element_type=\"container\" data-e-type=\"container\">\n\t\t\t\t<div class=\"elementor-element elementor-element-14b8523 elementor-widget elementor-widget-heading\" data-id=\"14b8523\" data-element_type=\"widget\" data-e-type=\"widget\" data-widget_type=\"heading.default\">\n\t\t\t\t\t<h4 class=\"elementor-heading-title elementor-size-default\">Conoce los proyectos que est\u00e1n cambiando vidas<\/h4>\t\t\t\t<\/div>\n\t\t\t\t<div class=\"elementor-element elementor-element-3d20bab elementor-widget-divider--view-line elementor-widget elementor-widget-divider\" data-id=\"3d20bab\" data-element_type=\"widget\" data-e-type=\"widget\" data-widget_type=\"divider.default\">\n\t\t\t\t\t\t\t<div class=\"elementor-divider\">\n\t\t\t<span class=\"elementor-divider-separator\">\n\t\t\t\t\t\t<\/span>\n\t\t<\/div>\n\t\t\t\t\t\t<\/div>\n\t\t\t\t<div class=\"elementor-element elementor-element-f1b3bbb elementor-widget elementor-widget-heading\" data-id=\"f1b3bbb\" data-element_type=\"widget\" data-e-type=\"widget\" data-widget_type=\"heading.default\">\n\t\t\t\t\t<h2 class=\"elementor-heading-title elementor-size-default\">Insp\u00edrate con nuestras iniciativas y s\u00e9 parte de su crecimiento<\/h2>\t\t\t\t<\/div>\n\t\t\t\t<\/div>\n\t\t\t\t\t<\/div>\n\t\t\t\t<\/div>\n\t\t<div class=\"elementor-element elementor-element-cd9c718 e-flex e-con-boxed e-con e-parent\" data-id=\"cd9c718\" data-element_type=\"container\" data-e-type=\"container\" data-settings=\"{&quot;background_background&quot;:&quot;classic&quot;}\">\n\t\t\t\t\t<div class=\"e-con-inner\">\n\t\t<div class=\"elementor-element elementor-element-be270bd e-con-full e-flex e-con e-child\" data-id=\"be270bd\" data-element_type=\"container\" data-e-type=\"container\">\n\t\t\t\t<div class=\"elementor-element elementor-element-a13eada elementor-widget elementor-widget-heading\" data-id=\"a13eada\" data-element_type=\"widget\" data-e-type=\"widget\" data-widget_type=\"heading.default\">\n\t\t\t\t\t<h2 class=\"elementor-heading-title elementor-size-default\">Proyectos<\/h2>\t\t\t\t<\/div>\n\t\t\t\t<div class=\"elementor-element elementor-element-c0e6cfb elementor-widget-divider--view-line elementor-widget elementor-widget-divider\" data-id=\"c0e6cfb\" data-element_type=\"widget\" data-e-type=\"widget\" data-widget_type=\"divider.default\">\n\t\t\t\t\t\t\t<div class=\"elementor-divider\">\n\t\t\t<span class=\"elementor-divider-separator\">\n\t\t\t\t\t\t<\/span>\n\t\t<\/div>\n\t\t\t\t\t\t<\/div>\n\t\t<div class=\"elementor-element elementor-element-155132e e-con-full e-flex e-con e-child\" data-id=\"155132e\" data-element_type=\"container\" data-e-type=\"container\">\n\t\t<div class=\"elementor-element elementor-element-be0103e e-con-full e-flex e-con e-child\" data-id=\"be0103e\" data-element_type=\"container\" data-e-type=\"container\">\n\t\t\t\t<div class=\"elementor-element elementor-element-cd6a4e5 elementor-widget elementor-widget-image\" data-id=\"cd6a4e5\" data-element_type=\"widget\" data-e-type=\"widget\" data-widget_type=\"image.default\">\n\t\t\t\t\t\t\t\t\t\t\t\t\t\t\t<img fetchpriority=\"high\" decoding=\"async\" width=\"2250\" height=\"2250\" src=\"https:\/\/www.protegerfoundation.org\/wp-content\/uploads\/2025\/09\/LOGO-JAG.png\" class=\"elementor-animation-grow attachment-full size-full wp-image-3942\" alt=\"logo jag\" srcset=\"https:\/\/www.protegerfoundation.org\/wp-content\/uploads\/2025\/09\/LOGO-JAG.png 2250w, https:\/\/www.protegerfoundation.org\/wp-content\/uploads\/2025\/09\/LOGO-JAG-300x300.png 300w, https:\/\/www.protegerfoundation.org\/wp-content\/uploads\/2025\/09\/LOGO-JAG-1024x1024.png 1024w, https:\/\/www.protegerfoundation.org\/wp-content\/uploads\/2025\/09\/LOGO-JAG-150x150.png 150w, https:\/\/www.protegerfoundation.org\/wp-content\/uploads\/2025\/09\/LOGO-JAG-768x768.png 768w, https:\/\/www.protegerfoundation.org\/wp-content\/uploads\/2025\/09\/LOGO-JAG-1536x1536.png 1536w, https:\/\/www.protegerfoundation.org\/wp-content\/uploads\/2025\/09\/LOGO-JAG-2048x2048.png 2048w\" sizes=\"(max-width: 2250px) 100vw, 2250px\" title=\"Proyectos\">\t\t\t\t\t\t\t\t\t\t\t\t\t\t\t<\/div>\n\t\t\t\t<\/div>\n\t\t<div class=\"elementor-element elementor-element-1811767 e-con-full e-flex e-con e-child\" data-id=\"1811767\" data-element_type=\"container\" data-e-type=\"container\">\n\t\t\t\t<div class=\"elementor-element elementor-element-518a7ef elementor-widget elementor-widget-heading\" data-id=\"518a7ef\" data-element_type=\"widget\" data-e-type=\"widget\" data-widget_type=\"heading.default\">\n\t\t\t\t\t<h5 class=\"elementor-heading-title elementor-size-default\">Tungurahua |  R\u00edo Negro<\/h5>\t\t\t\t<\/div>\n\t\t\t\t<div class=\"elementor-element elementor-element-6d8a1a4 elementor-widget elementor-widget-heading\" data-id=\"6d8a1a4\" data-element_type=\"widget\" data-e-type=\"widget\" data-widget_type=\"heading.default\">\n\t\t\t\t\t<h3 class=\"elementor-heading-title elementor-size-default\">\u2014 JAG GOLD Co.<\/h3>\t\t\t\t<\/div>\n\t\t\t\t<div class=\"elementor-element elementor-element-b9a2ff0 elementor-widget elementor-widget-text-editor\" data-id=\"b9a2ff0\" data-element_type=\"widget\" data-e-type=\"widget\" data-widget_type=\"text-editor.default\">\n\t\t\t\t\t\t\t\t\t<article class=\"text-token-text-primary w-full focus:outline-none [--shadow-height:45px] has-data-writing-block:pointer-events-none has-data-writing-block:-mt-(--shadow-height) has-data-writing-block:pt-(--shadow-height) [&amp;:has([data-writing-block])&gt;*]:pointer-events-auto scroll-mt-[calc(var(--header-height)+min(200px,max(70px,20svh)))]\" dir=\"auto\" tabindex=\"-1\" data-turn-id=\"request-68add27c-65e4-832f-a469-29df595c1568-3\" data-testid=\"conversation-turn-184\" data-scroll-anchor=\"true\" data-turn=\"assistant\"><div class=\"text-base my-auto mx-auto pb-10 [--thread-content-margin:--spacing(4)] thread-sm:[--thread-content-margin:--spacing(6)] thread-lg:[--thread-content-margin:--spacing(16)] px-(--thread-content-margin)\"><div class=\"[--thread-content-max-width:40rem] thread-lg:[--thread-content-max-width:48rem] mx-auto max-w-(--thread-content-max-width) flex-1 group\/turn-messages focus-visible:outline-hidden relative flex w-full min-w-0 flex-col agent-turn\" tabindex=\"-1\"><div class=\"flex max-w-full flex-col grow\"><div class=\"min-h-8 text-message relative flex w-full flex-col items-end gap-2 text-start break-words whitespace-normal [.text-message+&amp;]:mt-1\" dir=\"auto\" data-message-author-role=\"assistant\" data-message-id=\"8b0b33cd-a847-4ac9-aaf1-e2d26ba1f24f\" data-message-model-slug=\"gpt-5\"><div class=\"flex w-full flex-col gap-1 empty:hidden first:pt-[1px]\"><div class=\"markdown prose dark:prose-invert w-full break-words dark markdown-new-styling\"><p data-start=\"0\" data-end=\"635\" data-is-last-node=\"\" data-is-only-node=\"\">Aprovechar de forma responsable el potencial de <strong data-start=\"200\" data-end=\"217\">piedra caliza<\/strong> presente en la zona. Esta iniciativa impulsa el crecimiento <strong data-start=\"278\" data-end=\"314\">industrial, agr\u00edcola y ambiental<\/strong>, al transformar un recurso natural clave en oportunidades de desarrollo sostenible. Su ejecuci\u00f3n contribuye a la <strong data-start=\"428\" data-end=\"452\">generaci\u00f3n de empleo<\/strong>, fortalece la econom\u00eda local y promueve el <strong data-start=\"496\" data-end=\"531\">uso responsable de los recursos<\/strong>, consolidando un modelo de miner\u00eda moderna comprometida con el progreso y el bienestar de la comunidad.<\/p><\/div><\/div><\/div><\/div><\/div><\/div><\/article>\t\t\t\t\t\t\t\t<\/div>\n\t\t\t\t<div class=\"elementor-element elementor-element-aba3604 elementor-align-right elementor-invisible elementor-widget elementor-widget-button\" data-id=\"aba3604\" data-element_type=\"widget\" data-e-type=\"widget\" data-settings=\"{&quot;_animation&quot;:&quot;shake&quot;}\" data-widget_type=\"button.default\">\n\t\t\t\t\t\t\t\t\t\t<a class=\"elementor-button elementor-button-link elementor-size-sm\" href=\"https:\/\/www.protegerfoundation.org\/jag-gold-company\/\">\n\t\t\t\t\t\t<span class=\"elementor-button-content-wrapper\">\n\t\t\t\t\t\t<span class=\"elementor-button-icon\">\n\t\t\t\t<svg aria-hidden=\"true\" class=\"e-font-icon-svg e-fas-arrow-right\" viewBox=\"0 0 448 512\" xmlns=\"http:\/\/www.w3.org\/2000\/svg\"><path d=\"M190.5 66.9l22.2-22.2c9.4-9.4 24.6-9.4 33.9 0L441 239c9.4 9.4 9.4 24.6 0 33.9L246.6 467.3c-9.4 9.4-24.6 9.4-33.9 0l-22.2-22.2c-9.5-9.5-9.3-25 .4-34.3L311.4 296H24c-13.3 0-24-10.7-24-24v-32c0-13.3 10.7-24 24-24h287.4L190.9 101.2c-9.8-9.3-10-24.8-.4-34.3z\"><\/path><\/svg>\t\t\t<\/span>\n\t\t\t\t\t\t\t\t\t<span class=\"elementor-button-text\">conocer m\u00e1s<\/span>\n\t\t\t\t\t<\/span>\n\t\t\t\t\t<\/a>\n\t\t\t\t\t\t\t\t<\/div>\n\t\t\t\t<\/div>\n\t\t\t\t<\/div>\n\t\t<div class=\"elementor-element elementor-element-686ffd7 e-con-full e-flex e-con e-child\" data-id=\"686ffd7\" data-element_type=\"container\" data-e-type=\"container\">\n\t\t<div class=\"elementor-element elementor-element-7e03f5c e-con-full e-flex e-con e-child\" data-id=\"7e03f5c\" data-element_type=\"container\" data-e-type=\"container\">\n\t\t\t\t<div class=\"elementor-element elementor-element-8fa28bb elementor-widget elementor-widget-image\" data-id=\"8fa28bb\" data-element_type=\"widget\" data-e-type=\"widget\" data-widget_type=\"image.default\">\n\t\t\t\t\t\t\t\t\t\t\t\t\t\t\t<img decoding=\"async\" width=\"2250\" height=\"2250\" src=\"https:\/\/www.protegerfoundation.org\/wp-content\/uploads\/2025\/10\/P2.png\" class=\"elementor-animation-grow attachment-full size-full wp-image-4733\" alt=\"p2\" srcset=\"https:\/\/www.protegerfoundation.org\/wp-content\/uploads\/2025\/10\/P2.png 2250w, https:\/\/www.protegerfoundation.org\/wp-content\/uploads\/2025\/10\/P2-300x300.png 300w, https:\/\/www.protegerfoundation.org\/wp-content\/uploads\/2025\/10\/P2-1024x1024.png 1024w, https:\/\/www.protegerfoundation.org\/wp-content\/uploads\/2025\/10\/P2-150x150.png 150w, https:\/\/www.protegerfoundation.org\/wp-content\/uploads\/2025\/10\/P2-768x768.png 768w, https:\/\/www.protegerfoundation.org\/wp-content\/uploads\/2025\/10\/P2-1536x1536.png 1536w, https:\/\/www.protegerfoundation.org\/wp-content\/uploads\/2025\/10\/P2-2048x2048.png 2048w\" sizes=\"(max-width: 2250px) 100vw, 2250px\" title=\"Proyectos\">\t\t\t\t\t\t\t\t\t\t\t\t\t\t\t<\/div>\n\t\t\t\t<\/div>\n\t\t<div class=\"elementor-element elementor-element-5fa00b7 e-con-full e-flex e-con e-child\" data-id=\"5fa00b7\" data-element_type=\"container\" data-e-type=\"container\">\n\t\t\t\t<div class=\"elementor-element elementor-element-0dfd399 elementor-widget elementor-widget-heading\" data-id=\"0dfd399\" data-element_type=\"widget\" data-e-type=\"widget\" data-widget_type=\"heading.default\">\n\t\t\t\t\t<h5 class=\"elementor-heading-title elementor-size-default\">Pr\u00f3ximamente<\/h5>\t\t\t\t<\/div>\n\t\t\t\t<div class=\"elementor-element elementor-element-7ab5265 elementor-widget elementor-widget-heading\" data-id=\"7ab5265\" data-element_type=\"widget\" data-e-type=\"widget\" data-widget_type=\"heading.default\">\n\t\t\t\t\t<h3 class=\"elementor-heading-title elementor-size-default\">Proyecto Agroindustrial<\/h3>\t\t\t\t<\/div>\n\t\t\t\t<div class=\"elementor-element elementor-element-058b9ce elementor-widget elementor-widget-text-editor\" data-id=\"058b9ce\" data-element_type=\"widget\" data-e-type=\"widget\" data-widget_type=\"text-editor.default\">\n\t\t\t\t\t\t\t\t\t<p data-start=\"113\" data-end=\"294\">Impulsamos la producci\u00f3n, industrializaci\u00f3n y exportaci\u00f3n de carne de cerdo y oveja, garantizando calidad y valor agregado para mercados nacionales e internacionales.<\/p>\t\t\t\t\t\t\t\t<\/div>\n\t\t\t\t<div class=\"elementor-element elementor-element-603dd35 elementor-align-right elementor-invisible elementor-widget elementor-widget-button\" data-id=\"603dd35\" data-element_type=\"widget\" data-e-type=\"widget\" data-settings=\"{&quot;_animation&quot;:&quot;shake&quot;}\" data-widget_type=\"button.default\">\n\t\t\t\t\t\t\t\t\t\t<a class=\"elementor-button elementor-button-link elementor-size-sm\" href=\"#\">\n\t\t\t\t\t\t<span class=\"elementor-button-content-wrapper\">\n\t\t\t\t\t\t<span class=\"elementor-button-icon\">\n\t\t\t\t<svg aria-hidden=\"true\" class=\"e-font-icon-svg e-fas-arrow-right\" viewBox=\"0 0 448 512\" xmlns=\"http:\/\/www.w3.org\/2000\/svg\"><path d=\"M190.5 66.9l22.2-22.2c9.4-9.4 24.6-9.4 33.9 0L441 239c9.4 9.4 9.4 24.6 0 33.9L246.6 467.3c-9.4 9.4-24.6 9.4-33.9 0l-22.2-22.2c-9.5-9.5-9.3-25 .4-34.3L311.4 296H24c-13.3 0-24-10.7-24-24v-32c0-13.3 10.7-24 24-24h287.4L190.9 101.2c-9.8-9.3-10-24.8-.4-34.3z\"><\/path><\/svg>\t\t\t<\/span>\n\t\t\t\t\t\t\t\t\t<span class=\"elementor-button-text\">conocer m\u00e1s<\/span>\n\t\t\t\t\t<\/span>\n\t\t\t\t\t<\/a>\n\t\t\t\t\t\t\t\t<\/div>\n\t\t\t\t<\/div>\n\t\t\t\t<\/div>\n\t\t<div class=\"elementor-element elementor-element-70f6028 e-con-full e-flex e-con e-child\" data-id=\"70f6028\" data-element_type=\"container\" data-e-type=\"container\">\n\t\t<div class=\"elementor-element elementor-element-c1aaee7 e-con-full e-flex e-con e-child\" data-id=\"c1aaee7\" data-element_type=\"container\" data-e-type=\"container\">\n\t\t\t\t<div class=\"elementor-element elementor-element-24187ed elementor-widget elementor-widget-image\" data-id=\"24187ed\" data-element_type=\"widget\" data-e-type=\"widget\" data-widget_type=\"image.default\">\n\t\t\t\t\t\t\t\t\t\t\t\t\t\t\t<img decoding=\"async\" width=\"2250\" height=\"2250\" src=\"https:\/\/www.protegerfoundation.org\/wp-content\/uploads\/2025\/09\/P1-2.png\" class=\"elementor-animation-grow attachment-full size-full wp-image-4511\" alt=\"p1\" srcset=\"https:\/\/www.protegerfoundation.org\/wp-content\/uploads\/2025\/09\/P1-2.png 2250w, https:\/\/www.protegerfoundation.org\/wp-content\/uploads\/2025\/09\/P1-2-300x300.png 300w, https:\/\/www.protegerfoundation.org\/wp-content\/uploads\/2025\/09\/P1-2-1024x1024.png 1024w, https:\/\/www.protegerfoundation.org\/wp-content\/uploads\/2025\/09\/P1-2-150x150.png 150w, https:\/\/www.protegerfoundation.org\/wp-content\/uploads\/2025\/09\/P1-2-768x768.png 768w, https:\/\/www.protegerfoundation.org\/wp-content\/uploads\/2025\/09\/P1-2-1536x1536.png 1536w, https:\/\/www.protegerfoundation.org\/wp-content\/uploads\/2025\/09\/P1-2-2048x2048.png 2048w\" sizes=\"(max-width: 2250px) 100vw, 2250px\" title=\"Proyectos\">\t\t\t\t\t\t\t\t\t\t\t\t\t\t\t<\/div>\n\t\t\t\t<\/div>\n\t\t<div class=\"elementor-element elementor-element-6e1f240 e-con-full e-flex e-con e-child\" data-id=\"6e1f240\" data-element_type=\"container\" data-e-type=\"container\">\n\t\t\t\t<div class=\"elementor-element elementor-element-8e442ca elementor-widget elementor-widget-heading\" data-id=\"8e442ca\" data-element_type=\"widget\" data-e-type=\"widget\" data-widget_type=\"heading.default\">\n\t\t\t\t\t<h5 class=\"elementor-heading-title elementor-size-default\">Pr\u00f3ximamente\u200b<\/h5>\t\t\t\t<\/div>\n\t\t\t\t<div class=\"elementor-element elementor-element-5fe6bb7 elementor-widget elementor-widget-heading\" data-id=\"5fe6bb7\" data-element_type=\"widget\" data-e-type=\"widget\" data-widget_type=\"heading.default\">\n\t\t\t\t\t<h3 class=\"elementor-heading-title elementor-size-default\">\u2014 Proyecto de Salud<\/h3>\t\t\t\t<\/div>\n\t\t\t\t<div class=\"elementor-element elementor-element-7ea6e41 elementor-align-right elementor-invisible elementor-widget elementor-widget-button\" data-id=\"7ea6e41\" data-element_type=\"widget\" data-e-type=\"widget\" data-settings=\"{&quot;_animation&quot;:&quot;shake&quot;}\" data-widget_type=\"button.default\">\n\t\t\t\t\t\t\t\t\t\t<a class=\"elementor-button elementor-button-link elementor-size-sm\" href=\"#\">\n\t\t\t\t\t\t<span class=\"elementor-button-content-wrapper\">\n\t\t\t\t\t\t<span class=\"elementor-button-icon\">\n\t\t\t\t<svg aria-hidden=\"true\" class=\"e-font-icon-svg e-fas-arrow-right\" viewBox=\"0 0 448 512\" xmlns=\"http:\/\/www.w3.org\/2000\/svg\"><path d=\"M190.5 66.9l22.2-22.2c9.4-9.4 24.6-9.4 33.9 0L441 239c9.4 9.4 9.4 24.6 0 33.9L246.6 467.3c-9.4 9.4-24.6 9.4-33.9 0l-22.2-22.2c-9.5-9.5-9.3-25 .4-34.3L311.4 296H24c-13.3 0-24-10.7-24-24v-32c0-13.3 10.7-24 24-24h287.4L190.9 101.2c-9.8-9.3-10-24.8-.4-34.3z\"><\/path><\/svg>\t\t\t<\/span>\n\t\t\t\t\t\t\t\t\t<span class=\"elementor-button-text\">conocer m\u00e1s<\/span>\n\t\t\t\t\t<\/span>\n\t\t\t\t\t<\/a>\n\t\t\t\t\t\t\t\t<\/div>\n\t\t\t\t<\/div>\n\t\t\t\t<\/div>\n\t\t<div class=\"elementor-element elementor-element-9fa0605 e-con-full e-flex e-con e-child\" data-id=\"9fa0605\" data-element_type=\"container\" data-e-type=\"container\">\n\t\t\t\t<\/div>\n\t\t\t\t<\/div>\n\t\t\t\t\t<\/div>\n\t\t\t\t<\/div>\n\t\t\t\t<\/div>\n\t\t","protected":false},"excerpt":{"rendered":"<p>Conoce los proyectos que est\u00e1n cambiando vidas Insp\u00edrate con nuestras iniciativas y s\u00e9 parte de su crecimiento Proyectos Tungurahua | R\u00edo Negro \u2014 JAG GOLD Co. Aprovechar de forma responsable el potencial de piedra caliza presente en la zona. Esta iniciativa impulsa el crecimiento industrial, agr\u00edcola y ambiental, al transformar un recurso natural clave en [&hellip;]<\/p>\n","protected":false},"author":1,"featured_media":0,"parent":0,"menu_order":0,"comment_status":"closed","ping_status":"closed","template":"","meta":{"site-sidebar-layout":"no-sidebar","site-content-layout":"page-builder","ast-site-content-layout":"default","site-content-style":"default","site-sidebar-style":"default","ast-global-header-display":"","ast-banner-title-visibility":"","ast-main-header-display":"","ast-hfb-above-header-display":"","ast-hfb-below-header-display":"","ast-hfb-mobile-header-display":"","site-post-title":"disabled","ast-breadcrumbs-content":"","ast-featured-img":"disabled","footer-sml-layout":"","ast-disable-related-posts":"","theme-transparent-header-meta":"","adv-header-id-meta":"","stick-header-meta":"","header-above-stick-meta":"","header-main-stick-meta":"","header-below-stick-meta":"","astra-migrate-meta-layouts":"default","ast-page-background-enabled":"default","ast-page-background-meta":{"desktop":{"background-color":"","background-image":"","background-repeat":"repeat","background-position":"center center","background-size":"auto","background-attachment":"scroll","background-type":"","background-media":"","overlay-type":"","overlay-color":"","overlay-opacity":"","overlay-gradient":""},"tablet":{"background-color":"","background-image":"","background-repeat":"repeat","background-position":"center center","background-size":"auto","background-attachment":"scroll","background-type":"","background-media":"","overlay-type":"","overlay-color":"","overlay-opacity":"","overlay-gradient":""},"mobile":{"background-color":"","background-image":"","background-repeat":"repeat","background-position":"center center","background-size":"auto","background-attachment":"scroll","background-type":"","background-media":"","overlay-type":"","overlay-color":"","overlay-opacity":"","overlay-gradient":""}},"ast-content-background-meta":{"desktop":{"background-color":"var(--ast-global-color-5)","background-image":"","background-repeat":"repeat","background-position":"center center","background-size":"auto","background-attachment":"scroll","background-type":"","background-media":"","overlay-type":"","overlay-color":"","overlay-opacity":"","overlay-gradient":""},"tablet":{"background-color":"var(--ast-global-color-5)","background-image":"","background-repeat":"repeat","background-position":"center center","background-size":"auto","background-attachment":"scroll","background-type":"","background-media":"","overlay-type":"","overlay-color":"","overlay-opacity":"","overlay-gradient":""},"mobile":{"background-color":"var(--ast-global-color-5)","background-image":"","background-repeat":"repeat","background-position":"center center","background-size":"auto","background-attachment":"scroll","background-type":"","background-media":"","overlay-type":"","overlay-color":"","overlay-opacity":"","overlay-gradient":""}},"footnotes":""},"class_list":["post-2113","page","type-page","status-publish","hentry"],"_links":{"self":[{"href":"https:\/\/www.protegerfoundation.org\/en\/wp-json\/wp\/v2\/pages\/2113","targetHints":{"allow":["GET"]}}],"collection":[{"href":"https:\/\/www.protegerfoundation.org\/en\/wp-json\/wp\/v2\/pages"}],"about":[{"href":"https:\/\/www.protegerfoundation.org\/en\/wp-json\/wp\/v2\/types\/page"}],"author":[{"embeddable":true,"href":"https:\/\/www.protegerfoundation.org\/en\/wp-json\/wp\/v2\/users\/1"}],"replies":[{"embeddable":true,"href":"https:\/\/www.protegerfoundation.org\/en\/wp-json\/wp\/v2\/comments?post=2113"}],"version-history":[{"count":72,"href":"https:\/\/www.protegerfoundation.org\/en\/wp-json\/wp\/v2\/pages\/2113\/revisions"}],"predecessor-version":[{"id":5537,"href":"https:\/\/www.protegerfoundation.org\/en\/wp-json\/wp\/v2\/pages\/2113\/revisions\/5537"}],"wp:attachment":[{"href":"https:\/\/www.protegerfoundation.org\/en\/wp-json\/wp\/v2\/media?parent=2113"}],"curies":[{"name":"wp","href":"https:\/\/api.w.org\/{rel}","templated":true}]}}